{"id":867,"date":"2022-11-28T16:01:15","date_gmt":"2022-11-28T16:01:15","guid":{"rendered":"http:\/\/ctnlab.it\/?page_id=867"},"modified":"2025-11-08T08:33:17","modified_gmt":"2025-11-08T08:33:17","slug":"ia-istruzioni-per-luso","status":"publish","type":"page","link":"https:\/\/ctnlab.it\/index.php\/ia-istruzioni-per-luso\/","title":{"rendered":"IA istruzioni per l&#8217;uso"},"content":{"rendered":"\n<div class=\"wp-block-media-text is-stacked-on-mobile\"><figure class=\"wp-block-media-text__media\"><a href=\"https:\/\/www.amazon.it\/IA-istruzioni-luso-Daniele-Caligiore\/dp\/8815295429\/ref=pd_bxgy_thbs_d_sccl_1\/262-2886703-6530141?pd_rd_w=BKsLK&amp;content-id=amzn1.sym.bebcaae8-85b9-4944-951b-8428874a124f&amp;pf_rd_p=bebcaae8-85b9-4944-951b-8428874a124f&amp;pf_rd_r=PNM6X1735S9GEY178Z3A&amp;pd_rd_wg=gzk6V&amp;pd_rd_r=e340fd72-efd0-43b8-8b44-7cdb69061354&amp;pd_rd_i=8815295429&amp;psc=1\"><img decoding=\"async\" loading=\"lazy\" width=\"623\" height=\"1024\" src=\"https:\/\/ctnlab.it\/wp-content\/uploads\/2022\/11\/caligiore_solo_copertina-623x1024.png\" alt=\"\" class=\"wp-image-870 size-full\" srcset=\"https:\/\/ctnlab.it\/wp-content\/uploads\/2022\/11\/caligiore_solo_copertina-623x1024.png 623w, https:\/\/ctnlab.it\/wp-content\/uploads\/2022\/11\/caligiore_solo_copertina-182x300.png 182w, https:\/\/ctnlab.it\/wp-content\/uploads\/2022\/11\/caligiore_solo_copertina-768x1263.png 768w, https:\/\/ctnlab.it\/wp-content\/uploads\/2022\/11\/caligiore_solo_copertina-934x1536.png 934w, https:\/\/ctnlab.it\/wp-content\/uploads\/2022\/11\/caligiore_solo_copertina.png 1034w\" sizes=\"(max-width: 623px) 100vw, 623px\" \/><\/a><\/figure><div class=\"wp-block-media-text__content\">\n<p>\u00abBig data\u00bb, \u00abblockchain\u00bb, \u00abbrain computer interface\u00bb, \u00abdigital learning\u00bb, \u00abinternet of things\u00bb, \u00abmachine learning\u00bb, \u00abrobotica\u00bb sono solo alcuni esempi di termini che ormai giornalmente ci capita di incontrare navigando su internet o semplicemente guardando la televisione. L&#8217;Intelligenza Artificiale \u00e8 alla base della cosiddetta \u00abquarta rivoluzione industriale\u00bb, caratterizzata dallo sviluppo di nuove tecnologie ibride in grado di combinare sfera biologica, fisica e digitale. L&#8217;effetto di questa contaminazione sar\u00e0 una forte e crescente pervasivit\u00e0 dell&#8217;Intelligenza Artificiale nelle nostre vite, che produrr\u00e0 grandi opportunit\u00e0, ma porter\u00e0 inevitabilmente anche a pericoli da gestire. <\/p>\n\n\n\n<p>Questo libro ci introduce in modo semplice e coinvolgente nel complesso mondo delle tecnologie ibride nate dalla contaminazione tra Intelligenza Artificiale (IA), tecnologie digitali e neurotecnologie. Al tempo stesso il libro discute anche degli effetti negativi della forte e crescente pervasivit\u00e0 dell\u2019IA nelle nostre vite, fornendoci gli strumenti per fronteggiare e governare quanto il futuro qui alle porte ci offre.<\/p>\n<\/div><\/div>\n\n\n\n<p><\/p>\n\n\n\n<p>Per acquistare il libro&nbsp;<a rel=\"noreferrer noopener\" href=\"https:\/\/www.amazon.it\/IA-istruzioni-luso-Daniele-Caligiore\/dp\/8815295429\" target=\"_blank\">clicca qui<\/a><\/p>\n\n\n\n<p><strong>Interviste, articoli, presentazioni<\/strong> <\/p>\n\n\n\n<ul>\n<li>Recensione fatta dall&#8217;<a href=\"https:\/\/almanacco.cnr.it\/articolo\/4057\/applicazioni-futuristiche\">Almanacco della Scienza del CNR<\/a><\/li>\n<\/ul>\n\n\n\n<ul>\n<li>Intervista per l&#8217;<a href=\"https:\/\/almanacco.cnr.it\/articolo\/11386\/maneggiare-con-cura\">Almanacco della Scienza del CNR<\/a> su rischi e vantaggi dell&#8217;Intelligenza Artificiale <\/li>\n\n\n\n<li>Intervista per <a href=\"https:\/\/ctnlab.it\/wp-content\/uploads\/2024\/07\/intervista_rai_radio_1.mp3\">RAI Radio 1<\/a><\/li>\n\n\n\n<li>Intervista per <a href=\"https:\/\/www.milanofinanza.it\/news\/ai-pin-la-spilla-con-l-intelligenza-artificiale-202405221718582436\">Gentleman MILANO FINANZA<\/a><\/li>\n<\/ul>\n\n\n\n<ul>\n<li>Intervista per <a href=\"https:\/\/youtu.be\/vYvFH8_pNHs?si=8jTggQsGd7DrhYX-\">Traditio<\/a><\/li>\n\n\n\n<li>Intervista per <a href=\"https:\/\/www.reportdifesa.it\/intelligenza-artificiale-report-difesa-intervista-daniele-caligiore-autore-del-volume-ia-istruzioni-per-luso\/\">Report Difesa<\/a><\/li>\n\n\n\n<li>Intervista per la rivista <a href=\"https:\/\/www.dimt.it\/news\/pervasivita-delle-artificial-intelligence-nella-vita-di-tutti-i-giorni-intervista-al-dott-daniele-caligiore-2\/\">diritto mercato tecnologia (dimt)<\/a> su &#8220;Pervasivit\u00e0 delle Artificial Intelligence nella vita di tutti i giorni&#8221; <\/li>\n\n\n\n<li>Intervista per la rivista <a href=\"https:\/\/ctnlab.it\/wp-content\/uploads\/2024\/06\/PM_MAGGIO_2023_LINK.pdf\">Progetto Manager<\/a> <\/li>\n\n\n\n<li><a href=\"https:\/\/www.stroncature.com\/p\/ia-istruzioni-per-luso-di-daniele-cfd?r=bwbp3&amp;utm_campaign=post&amp;utm_medium=web\">Stroncature<\/a> ha ospitato la presentazione del libro. Con l\u2019autore dialogano Monica Biggio e Marco Fasoli<\/li>\n\n\n\n<li>Presentazione del libro organizzata dalla <a href=\"https:\/\/librerieitalypost.it\/\">Libreria ItalyPost<\/a> di Padova. Intervengono Daniele Caligiore e Andrea Daniele Signorelli, giornalista che scrive per Repubblica, Wired, Domani, Il Tascabile<\/li>\n<\/ul>\n\n\n\n<figure><iframe loading=\"lazy\" width=\"560\" height=\"315\" src=\"https:\/\/www.youtube.com\/embed\/zXw8HOtTYNs\" allowfullscreen=\"\"><\/iframe><\/figure>\n","protected":false},"excerpt":{"rendered":"<p>\u00abBig data\u00bb, \u00abblockchain\u00bb, \u00abbrain computer interface\u00bb, \u00abdigital learning\u00bb, \u00abinternet of things\u00bb, \u00abmachine learning\u00bb, \u00abrobotica\u00bb sono solo alcuni esempi di termini che ormai giornalmente ci capita di incontrare navigando su internet o semplicemente guardando la televisione. L&#8217;Intelligenza Artificiale \u00e8 alla base della cosiddetta \u00abquarta rivoluzione industriale\u00bb, caratterizzata dallo sviluppo di nuove tecnologie ibride in grado di combinare sfera biologica, fisica e digitale. L&#8217;effetto di questa contaminazione sar\u00e0 una forte e crescente pervasivit\u00e0 dell&#8217;Intelligenza Artificiale nelle nostre vite, che produrr\u00e0 grandi opportunit\u00e0, ma porter\u00e0 inevitabilmente anche a pericoli da gestire. Questo libro ci introduce in modo semplice e coinvolgente nel complesso mondo delle tecnologie ibride nate dalla contaminazione tra Intelligenza Artificiale (IA), tecnologie digitali e neurotecnologie. Al tempo stesso il libro discute anche degli effetti negativi della forte e crescente pervasivit\u00e0 dell\u2019IA nelle nostre vite, fornendoci gli strumenti per fronteggiare e governare quanto il futuro qui alle porte ci offre. Per acquistare il libro&nbsp;clicca qui Interviste, articoli, presentazioni<\/p>\n","protected":false},"author":2,"featured_media":0,"parent":0,"menu_order":0,"comment_status":"closed","ping_status":"closed","template":"","meta":{"_mi_skip_tracking":false,"_monsterinsights_sitenote_active":false,"_monsterinsights_sitenote_note":"","_monsterinsights_sitenote_category":0,"footnotes":""},"jetpack_sharing_enabled":true,"guten_post_layout_featured_media_urls":{"full":false,"thumbnail":false,"medium":false,"medium_large":false,"large":false,"1536x1536":false,"2048x2048":false,"guten_post_layout_landscape_large":false,"guten_post_layout_portrait_large":false,"guten_post_layout_square_large":false,"guten_post_layout_landscape":false,"guten_post_layout_portrait":false,"guten_post_layout_square":false,"sciencexlite-blog-thumb":false},"_links":{"self":[{"href":"https:\/\/ctnlab.it\/index.php\/wp-json\/wp\/v2\/pages\/867"}],"collection":[{"href":"https:\/\/ctnlab.it\/index.php\/wp-json\/wp\/v2\/pages"}],"about":[{"href":"https:\/\/ctnlab.it\/index.php\/wp-json\/wp\/v2\/types\/page"}],"author":[{"embeddable":true,"href":"https:\/\/ctnlab.it\/index.php\/wp-json\/wp\/v2\/users\/2"}],"replies":[{"embeddable":true,"href":"https:\/\/ctnlab.it\/index.php\/wp-json\/wp\/v2\/comments?post=867"}],"version-history":[{"count":72,"href":"https:\/\/ctnlab.it\/index.php\/wp-json\/wp\/v2\/pages\/867\/revisions"}],"predecessor-version":[{"id":4010,"href":"https:\/\/ctnlab.it\/index.php\/wp-json\/wp\/v2\/pages\/867\/revisions\/4010"}],"wp:attachment":[{"href":"https:\/\/ctnlab.it\/index.php\/wp-json\/wp\/v2\/media?parent=867"}],"curies":[{"name":"wp","href":"https:\/\/api.w.org\/{rel}","templated":true}]}}