{"id":3780,"date":"2024-06-07T05:16:18","date_gmt":"2024-06-07T05:16:18","guid":{"rendered":"https:\/\/ctnlab.it\/?page_id=3780"},"modified":"2025-11-08T08:32:27","modified_gmt":"2025-11-08T08:32:27","slug":"curarsi-con-lintelligenza-artificiale","status":"publish","type":"page","link":"https:\/\/ctnlab.it\/index.php\/curarsi-con-lintelligenza-artificiale\/","title":{"rendered":"Curarsi con l&#8217;Intelligenza Artificiale"},"content":{"rendered":"\n<div class=\"wp-block-media-text is-stacked-on-mobile\"><figure class=\"wp-block-media-text__media\"><a href=\"https:\/\/www.amazon.it\/Curarsi-lintelligenza-artificiale-Daniele-Caligiore\/dp\/8815388591\/ref=books_amazonstores_desktop_mfs_aufs_ap_sc_dsk_1?_encoding=UTF8&amp;pd_rd_w=EsCqH&amp;content-id=amzn1.sym.fcc23b91-4a74-4342-9d58-d4b8baacc8e9&amp;pf_rd_p=fcc23b91-4a74-4342-9d58-d4b8baacc8e9&amp;pf_rd_r=262-2886703-6530141&amp;pd_rd_wg=wMZDg&amp;pd_rd_r=baa97985-5a3d-46b8-9504-b60313f071fd\"><img decoding=\"async\" loading=\"lazy\" width=\"647\" height=\"1024\" src=\"https:\/\/ctnlab.it\/wp-content\/uploads\/2024\/06\/CopertinaLibro-647x1024.png\" alt=\"\" class=\"wp-image-3764 size-full\" srcset=\"https:\/\/ctnlab.it\/wp-content\/uploads\/2024\/06\/CopertinaLibro-647x1024.png 647w, https:\/\/ctnlab.it\/wp-content\/uploads\/2024\/06\/CopertinaLibro-189x300.png 189w, https:\/\/ctnlab.it\/wp-content\/uploads\/2024\/06\/CopertinaLibro-768x1216.png 768w, https:\/\/ctnlab.it\/wp-content\/uploads\/2024\/06\/CopertinaLibro-970x1536.png 970w, https:\/\/ctnlab.it\/wp-content\/uploads\/2024\/06\/CopertinaLibro.png 1142w\" sizes=\"(max-width: 647px) 100vw, 647px\" \/><\/a><\/figure><div class=\"wp-block-media-text__content\">\n<p>Diagnosi attraverso le immagini, robot chirurghi, gemelli digitali, metaverso sono alcune delle applicazioni in cui viene coinvolta l\u2019Intelligenza Artificiale (IA). Un mondo quasi fantascientifico che ci tocca da vicino e verso il quale possiamo nutrire grandi speranze e grandi paure. La salute, infatti, \u00e8 un tema centrale e comprendere come questa nuova tecnologia pu\u00f2 aiutarci per guarire, acquisire benessere e vivere meglio \u00e8 sicuramente importante. Questo volume, grazie alla grande esperienza dell\u2019autore, affronta luci e ombre dell\u2019uso dell\u2019IA nell\u2019ambito della salute e fornisce tutti gli strumenti per affrontare in modo consapevole una rivoluzione che cambier\u00e0 il modo di curarci.<\/p>\n<\/div><\/div>\n\n\n\n<p><\/p>\n\n\n\n<p>Per acquistare il libro&nbsp;<a href=\"https:\/\/www.amazon.it\/Curarsi-lintelligenza-artificiale-Daniele-Caligiore\/dp\/8815388591\">clicca qui<\/a><\/p>\n\n\n\n<p><strong>Interviste, recensioni, presentazioni<\/strong><\/p>\n\n\n\n<ul>\n<li>Recensione pubblicata sulla rivista &#8220;<a href=\"https:\/\/scienceandethics.fondazioneveronesi.it\/wp-content\/uploads\/2025\/01\/The-Future-of-Science-and-Ethics-vol.9-2024-Malvaso.pdf\" data-type=\"link\" data-id=\"https:\/\/scienceandethics.fondazioneveronesi.it\/wp-content\/uploads\/2025\/01\/The-Future-of-Science-and-Ethics-vol.9-2024-Malvaso.pdf\">The Future of Science and Ethics<\/a>&#8220;<\/li>\n\n\n\n<li>Recensione fatta dall\u2019<a href=\"https:\/\/almanacco.cnr.it\/articolo\/12595\/quando-la-cura-e-intelligente\">Almanacco della Scienza del CNR<\/a><\/li>\n\n\n\n<li>Segnalazione del libro uscita su <a href=\"https:\/\/ctnlab.it\/wp-content\/uploads\/2024\/06\/Corriere_della_Sera.pdf\" data-type=\"link\" data-id=\"https:\/\/ctnlab.it\/wp-content\/uploads\/2024\/06\/Corriere_della_Sera.pdf\">\u201cla Lettura\u201d del Corriere della Sera<\/a><\/li>\n\n\n\n<li>Intervista pubblicata da <a href=\"https:\/\/www.innlifes.com\/digital-health\/daniele-caligiore-istc-cnr-intelligenza-artificiale\/\">INNLIFES<\/a><\/li>\n\n\n\n<li>Intervista pubblicata da <a href=\"https:\/\/www.letture.org\/curarsi-con-l-intelligenza-artificiale-daniele-caligiore\">Letture.org<\/a><\/li>\n\n\n\n<li>Recensione pubblicata da &#8220;<a href=\"https:\/\/www.recentiprogressi.it\/archivio\/4365\/articoli\/43609\/\" data-type=\"link\" data-id=\"https:\/\/www.recentiprogressi.it\/archivio\/4365\/articoli\/43609\/\">Recenti Progressi in Medicina<\/a>&#8220;<\/li>\n\n\n\n<li>Intervista pubblicata da &#8220;<a href=\"https:\/\/ctnlab.it\/wp-content\/uploads\/2024\/06\/LEco-giugno-2024-Caligiore.pdf\" data-type=\"link\" data-id=\"https:\/\/ctnlab.it\/wp-content\/uploads\/2024\/06\/LEco-giugno-2024-Caligiore.pdf\">L&#8217;ECO di SAN GABRIELE<\/a>&#8220;<\/li>\n<\/ul>\n\n\n\n<ul>\n<li>Stroncature ha ospitato la <a href=\"https:\/\/www.stroncature.com\/p\/curarsi-con-lintelligenza-artificiale-10f?utm_campaign=post&amp;utm_medium=web\">presentazione del libro<\/a>. Con l\u2019autore dialogano Antonio Malvaso e Marco Testa<\/li>\n\n\n\n<li>Il libro \u00e8 stato consigliato dal Prof. Giulio Maira nel programma <a href=\"https:\/\/www.raiplay.it\/video\/2025\/01\/Intelligenze-Salute--b8f04308-7abd-4e66-be0c-ab6a7e19a827.html?wt_mc=2.www.cpy.raiplay_vid_Intelligenze.\">Intelligenze<\/a> di <a href=\"https:\/\/www.linkedin.com\/in\/ACoAAAMtGwoBRtBX5-33M3EuUWTJ6u8sEtjOrBQ\"><\/a><a href=\"https:\/\/www.linkedin.com\/in\/paolo-benanti-94aa1915\/\">Paolo Benanti<\/a> su Rai 3 <\/li>\n\n\n\n<li>Webinar per la <a href=\"https:\/\/www.siiam.it\/en\">Societ\u00e0 Italiana Intelligenza Artificiale in Medicina (SIIAM)<\/a> in cui vengono toccati diversi temi trattati nel libro &#8220;Curarsi con l&#8217;Intelligenza Artificiale&#8221;<\/li>\n<\/ul>\n\n\n\n<figure class=\"wp-block-embed is-type-video is-provider-youtube wp-block-embed-youtube wp-embed-aspect-16-9 wp-has-aspect-ratio\"><div class=\"wp-block-embed__wrapper\">\n<div class=\"jetpack-video-wrapper\"><iframe loading=\"lazy\" title=\"Imparare ad usare l\u2019IA nella pratica medica: strategie, casi studio e applicazioni(DanieleCaligiore)\" width=\"640\" height=\"360\" src=\"https:\/\/www.youtube.com\/embed\/rocYI3S6rMU?feature=oembed\" frameborder=\"0\" allow=\"accelerometer; autoplay; clipboard-write; encrypted-media; gyroscope; picture-in-picture; web-share\" referrerpolicy=\"strict-origin-when-cross-origin\" allowfullscreen><\/iframe><\/div>\n<\/div><\/figure>\n\n\n\n<ul>\n<li>Intervista durante la trasmissione <a href=\"https:\/\/youtu.be\/d7PwO9TC47s?si=h5y4aWX_0HteZCUZ\">Sei in Salute<\/a> in onda su SEILATV. <\/li>\n<\/ul>\n\n\n\n<figure class=\"wp-block-embed is-type-video is-provider-youtube wp-block-embed-youtube wp-embed-aspect-16-9 wp-has-aspect-ratio\"><div class=\"wp-block-embed__wrapper\">\n<div class=\"jetpack-video-wrapper\"><iframe loading=\"lazy\" title=\"Puntata n. 30 &quot;Sei in Salute&quot; - Stagione 2023-2024\" width=\"640\" height=\"360\" src=\"https:\/\/www.youtube.com\/embed\/d7PwO9TC47s?feature=oembed\" frameborder=\"0\" allow=\"accelerometer; autoplay; clipboard-write; encrypted-media; gyroscope; picture-in-picture; web-share\" referrerpolicy=\"strict-origin-when-cross-origin\" allowfullscreen><\/iframe><\/div>\n<\/div><\/figure>\n","protected":false},"excerpt":{"rendered":"<p>Diagnosi attraverso le immagini, robot chirurghi, gemelli digitali, metaverso sono alcune delle applicazioni in cui viene coinvolta l\u2019Intelligenza Artificiale (IA). Un mondo quasi fantascientifico che ci tocca da vicino e verso il quale possiamo nutrire grandi speranze e grandi paure. La salute, infatti, \u00e8 un tema centrale e comprendere come questa nuova tecnologia pu\u00f2 aiutarci per guarire, acquisire benessere e vivere meglio \u00e8 sicuramente importante. Questo volume, grazie alla grande esperienza dell\u2019autore, affronta luci e ombre dell\u2019uso dell\u2019IA nell\u2019ambito della salute e fornisce tutti gli strumenti per affrontare in modo consapevole una rivoluzione che cambier\u00e0 il modo di curarci. Per acquistare il libro&nbsp;clicca qui Interviste, recensioni, presentazioni<\/p>\n","protected":false},"author":2,"featured_media":0,"parent":0,"menu_order":0,"comment_status":"closed","ping_status":"closed","template":"","meta":{"_mi_skip_tracking":false,"_monsterinsights_sitenote_active":false,"_monsterinsights_sitenote_note":"","_monsterinsights_sitenote_category":0,"footnotes":""},"jetpack_sharing_enabled":true,"guten_post_layout_featured_media_urls":{"full":false,"thumbnail":false,"medium":false,"medium_large":false,"large":false,"1536x1536":false,"2048x2048":false,"guten_post_layout_landscape_large":false,"guten_post_layout_portrait_large":false,"guten_post_layout_square_large":false,"guten_post_layout_landscape":false,"guten_post_layout_portrait":false,"guten_post_layout_square":false,"sciencexlite-blog-thumb":false},"_links":{"self":[{"href":"https:\/\/ctnlab.it\/index.php\/wp-json\/wp\/v2\/pages\/3780"}],"collection":[{"href":"https:\/\/ctnlab.it\/index.php\/wp-json\/wp\/v2\/pages"}],"about":[{"href":"https:\/\/ctnlab.it\/index.php\/wp-json\/wp\/v2\/types\/page"}],"author":[{"embeddable":true,"href":"https:\/\/ctnlab.it\/index.php\/wp-json\/wp\/v2\/users\/2"}],"replies":[{"embeddable":true,"href":"https:\/\/ctnlab.it\/index.php\/wp-json\/wp\/v2\/comments?post=3780"}],"version-history":[{"count":37,"href":"https:\/\/ctnlab.it\/index.php\/wp-json\/wp\/v2\/pages\/3780\/revisions"}],"predecessor-version":[{"id":4009,"href":"https:\/\/ctnlab.it\/index.php\/wp-json\/wp\/v2\/pages\/3780\/revisions\/4009"}],"wp:attachment":[{"href":"https:\/\/ctnlab.it\/index.php\/wp-json\/wp\/v2\/media?parent=3780"}],"curies":[{"name":"wp","href":"https:\/\/api.w.org\/{rel}","templated":true}]}}